{"id":108,"date":"2013-10-03T09:32:45","date_gmt":"2013-10-03T09:32:45","guid":{"rendered":"http:\/\/feev9x3k.c4-suncomet.com\/?page_id=108"},"modified":"2014-09-04T15:17:16","modified_gmt":"2014-09-04T12:17:16","slug":"sibeliustietoa","status":"publish","type":"page","link":"https:\/\/www.hameenlinnansibeliusseura.fi\/?page_id=108","title":{"rendered":"Tietolinkkej\u00e4"},"content":{"rendered":"<p>&nbsp;<\/p>\n<ul>\n<li><a href=\"http:\/\/fi.wikipedia.org\/wiki\/Jean_Sibelius\" target=\"_blank\">Jean Sibelius &#8211; Wikipedia<\/a><a href=\"https:\/\/i0.wp.com\/feev9x3k.c4-suncomet.com\/wp-content\/uploads\/2013\/10\/Unknown-1.jpeg\"><img decoding=\"async\" loading=\"lazy\" class=\" wp-image-45 alignright\" src=\"https:\/\/i0.wp.com\/feev9x3k.c4-suncomet.com\/wp-content\/uploads\/2013\/10\/Unknown-1.jpeg?resize=323%2C346\" alt=\"Unknown-1\" width=\"323\" height=\"346\" data-recalc-dims=\"1\" \/><\/a><\/li>\n<li><a href=\"http:\/\/www.yle.fi\/elavaarkisto\/haku\/#\/toimituksen%20koostama\/Kansalliss\u00e4velt\u00e4j\u00e4%20Jean%20Sibelius\" target=\"_blank\">Jean Sibelius &#8211; Ylen el\u00e4v\u00e4 arkisto<\/a><\/li>\n<li><a href=\"http:\/\/www.sibelius.fi\/suomi\/index.html\" target=\"_blank\">Sibelius &#8211; Helsingin Suomalainen klubi<\/a><\/li>\n<li><a href=\"http:\/\/www.kansallisbiografia.fi\/kb\/artikkeli\/3630\/\">Kansallisbiografia<\/a><\/li>\n<\/ul>\n<p><strong>In English<\/strong><\/p>\n<ul>\n<li><a href=\"http:\/\/en.wikipedia.org\/wiki\/Jean_Sibelius\" target=\"_blank\">Jean Sibelius &#8211; Wikipedia<\/a><\/li>\n<li><a href=\"http:\/\/www.fimic.fi\/fimic\/fimic.nsf\/0\/69E0010024C8538CC22574810034863F?opendocument\" target=\"_blank\">Music Finland &#8211; Composer Profiles<\/a><\/li>\n<li><a href=\"http:\/\/www.fimic.fi\/fimic\/fimic.nsf\/0\/69E0010024C8538CC22574810034863F?opendocument\" target=\"_blank\">Jean Sibelius &#8211; \u00c5bo Akademi<\/a><\/li>\n<li><a href=\"http:\/\/www2.siba.fi\/sibelius-seura\/eng\/society.html\" target=\"_blank\">The Sibelius Society of Finland<\/a><\/li>\n<\/ul>\n","protected":false},"excerpt":{"rendered":"<p>&nbsp; Jean Sibelius &#8211; Wikipedia Jean Sibelius &#8211; Ylen el\u00e4v\u00e4 arkisto Sibelius &#8211; Helsingin Suomalainen klubi Kansallisbiografia In English Jean Sibelius &#8211; Wikipedia Music Finland &#8211; Composer Profiles Jean Sibelius &#8211; \u00c5bo Akademi The Sibelius Society of Finland<\/p>\n","protected":false},"author":2,"featured_media":0,"parent":81,"menu_order":0,"comment_status":"closed","ping_status":"closed","template":"","meta":{"jetpack_post_was_ever_published":false,"footnotes":""},"jetpack_sharing_enabled":true,"jetpack_shortlink":"https:\/\/wp.me\/PeiXjB-1K","_links":{"self":[{"href":"https:\/\/www.hameenlinnansibeliusseura.fi\/index.php?rest_route=\/wp\/v2\/pages\/108"}],"collection":[{"href":"https:\/\/www.hameenlinnansibeliusseura.fi\/index.php?rest_route=\/wp\/v2\/pages"}],"about":[{"href":"https:\/\/www.hameenlinnansibeliusseura.fi\/index.php?rest_route=\/wp\/v2\/types\/page"}],"author":[{"embeddable":true,"href":"https:\/\/www.hameenlinnansibeliusseura.fi\/index.php?rest_route=\/wp\/v2\/users\/2"}],"replies":[{"embeddable":true,"href":"https:\/\/www.hameenlinnansibeliusseura.fi\/index.php?rest_route=%2Fwp%2Fv2%2Fcomments&post=108"}],"version-history":[{"count":13,"href":"https:\/\/www.hameenlinnansibeliusseura.fi\/index.php?rest_route=\/wp\/v2\/pages\/108\/revisions"}],"predecessor-version":[{"id":794,"href":"https:\/\/www.hameenlinnansibeliusseura.fi\/index.php?rest_route=\/wp\/v2\/pages\/108\/revisions\/794"}],"up":[{"embeddable":true,"href":"https:\/\/www.hameenlinnansibeliusseura.fi\/index.php?rest_route=\/wp\/v2\/pages\/81"}],"wp:attachment":[{"href":"https:\/\/www.hameenlinnansibeliusseura.fi\/index.php?rest_route=%2Fwp%2Fv2%2Fmedia&parent=108"}],"curies":[{"name":"wp","href":"https:\/\/api.w.org\/{rel}","templated":true}]}}