{"id":1253,"date":"2023-03-23T15:20:08","date_gmt":"2023-03-23T13:20:08","guid":{"rendered":"https:\/\/www.hameenlinnansibeliusseura.fi\/?page_id=1253"},"modified":"2024-10-10T09:07:47","modified_gmt":"2024-10-10T06:07:47","slug":"tapahtumat","status":"publish","type":"page","link":"https:\/\/www.hameenlinnansibeliusseura.fi\/?page_id=1253","title":{"rendered":"Tapahtumat"},"content":{"rendered":"\n<figure class=\"wp-block-image size-large\"><a href=\"https:\/\/i0.wp.com\/www.hameenlinnansibeliusseura.fi\/wp-content\/uploads\/2024\/10\/tapahtumat-1-scaled.jpg?ssl=1\"><img decoding=\"async\" loading=\"lazy\" width=\"580\" height=\"387\" src=\"https:\/\/i0.wp.com\/www.hameenlinnansibeliusseura.fi\/wp-content\/uploads\/2024\/10\/tapahtumat-1.jpg?resize=580%2C387&#038;ssl=1\" alt=\"\" class=\"wp-image-1359\" srcset=\"https:\/\/i0.wp.com\/www.hameenlinnansibeliusseura.fi\/wp-content\/uploads\/2024\/10\/tapahtumat-1-scaled.jpg?resize=1024%2C683&amp;ssl=1 1024w, https:\/\/i0.wp.com\/www.hameenlinnansibeliusseura.fi\/wp-content\/uploads\/2024\/10\/tapahtumat-1-scaled.jpg?resize=300%2C200&amp;ssl=1 300w, https:\/\/i0.wp.com\/www.hameenlinnansibeliusseura.fi\/wp-content\/uploads\/2024\/10\/tapahtumat-1-scaled.jpg?resize=768%2C512&amp;ssl=1 768w, https:\/\/i0.wp.com\/www.hameenlinnansibeliusseura.fi\/wp-content\/uploads\/2024\/10\/tapahtumat-1-scaled.jpg?w=1160&amp;ssl=1 1160w, https:\/\/i0.wp.com\/www.hameenlinnansibeliusseura.fi\/wp-content\/uploads\/2024\/10\/tapahtumat-1-scaled.jpg?w=1740&amp;ssl=1 1740w\" sizes=\"(max-width: 580px) 100vw, 580px\" data-recalc-dims=\"1\" \/><\/a><\/figure>\n\n\n\n<p>Tapatumakalenterimme l\u00f6yd\u00e4t alla olevasta linkist\u00e4. Useimpiin tapahtumiin voit ostaa lipun samasta paikasta.<br><br><a href=\"https:\/\/liikuttajat.fi\/hmlsibeliusseura\/tapahtumakalenteri\" data-type=\"URL\" data-id=\"https:\/\/liikuttajat.fi\/hmlsibeliusseura\/tapahtumakalenteri\" target=\"_blank\" rel=\"noreferrer noopener\">Tapahtumakalenteri<\/a><br><br><\/p>\n\n\n\n<div class=\"wp-block-buttons is-content-justification-center is-layout-flex wp-container-1 wp-block-buttons-is-layout-flex\"><\/div>\n","protected":false},"excerpt":{"rendered":"<p>Tapatumakalenterimme l\u00f6yd\u00e4t alla olevasta linkist\u00e4. Useimpiin tapahtumiin voit ostaa lipun samasta paikasta. Tapahtumakalenteri<\/p>\n","protected":false},"author":2,"featured_media":0,"parent":0,"menu_order":0,"comment_status":"closed","ping_status":"closed","template":"","meta":{"jetpack_post_was_ever_published":false,"footnotes":""},"jetpack_sharing_enabled":true,"jetpack_shortlink":"https:\/\/wp.me\/PeiXjB-kd","_links":{"self":[{"href":"https:\/\/www.hameenlinnansibeliusseura.fi\/index.php?rest_route=\/wp\/v2\/pages\/1253"}],"collection":[{"href":"https:\/\/www.hameenlinnansibeliusseura.fi\/index.php?rest_route=\/wp\/v2\/pages"}],"about":[{"href":"https:\/\/www.hameenlinnansibeliusseura.fi\/index.php?rest_route=\/wp\/v2\/types\/page"}],"author":[{"embeddable":true,"href":"https:\/\/www.hameenlinnansibeliusseura.fi\/index.php?rest_route=\/wp\/v2\/users\/2"}],"replies":[{"embeddable":true,"href":"https:\/\/www.hameenlinnansibeliusseura.fi\/index.php?rest_route=%2Fwp%2Fv2%2Fcomments&post=1253"}],"version-history":[{"count":6,"href":"https:\/\/www.hameenlinnansibeliusseura.fi\/index.php?rest_route=\/wp\/v2\/pages\/1253\/revisions"}],"predecessor-version":[{"id":1362,"href":"https:\/\/www.hameenlinnansibeliusseura.fi\/index.php?rest_route=\/wp\/v2\/pages\/1253\/revisions\/1362"}],"wp:attachment":[{"href":"https:\/\/www.hameenlinnansibeliusseura.fi\/index.php?rest_route=%2Fwp%2Fv2%2Fmedia&parent=1253"}],"curies":[{"name":"wp","href":"https:\/\/api.w.org\/{rel}","templated":true}]}}