{"id":1538,"date":"2026-04-27T12:29:06","date_gmt":"2026-04-27T09:29:06","guid":{"rendered":"https:\/\/www.hameenlinnansibeliusseura.fi\/?page_id=1538"},"modified":"2026-04-27T14:03:47","modified_gmt":"2026-04-27T11:03:47","slug":"sibeliuksen-inspiroimat","status":"publish","type":"page","link":"https:\/\/www.hameenlinnansibeliusseura.fi\/?page_id=1538","title":{"rendered":"Sibeliuksen inspiroimat"},"content":{"rendered":"\n<pre class=\"wp-block-verse\">Seuran tilaamia teoksia sek\u00e4 tarinoita niiden ymp\u00e4rill\u00e4<\/pre>\n\n\n\n<ul>\n<li><a href=\"https:\/\/www.hameenlinnansibeliusseura.fi\/?page_id=1541\" data-type=\"page\" data-id=\"1541\">Ik\u00e4vyys (2024), s\u00e4v. Luukas Hiltunen, san. Aleksis Kivi<\/a><\/li>\n<\/ul>\n","protected":false},"excerpt":{"rendered":"<p>Seuran tilaamia teoksia sek\u00e4 tarinoita niiden ymp\u00e4rill\u00e4<\/p>\n","protected":false},"author":2,"featured_media":0,"parent":0,"menu_order":0,"comment_status":"closed","ping_status":"closed","template":"","meta":{"jetpack_post_was_ever_published":false,"footnotes":""},"jetpack_sharing_enabled":true,"jetpack_shortlink":"https:\/\/wp.me\/PeiXjB-oO","_links":{"self":[{"href":"https:\/\/www.hameenlinnansibeliusseura.fi\/index.php?rest_route=\/wp\/v2\/pages\/1538"}],"collection":[{"href":"https:\/\/www.hameenlinnansibeliusseura.fi\/index.php?rest_route=\/wp\/v2\/pages"}],"about":[{"href":"https:\/\/www.hameenlinnansibeliusseura.fi\/index.php?rest_route=\/wp\/v2\/types\/page"}],"author":[{"embeddable":true,"href":"https:\/\/www.hameenlinnansibeliusseura.fi\/index.php?rest_route=\/wp\/v2\/users\/2"}],"replies":[{"embeddable":true,"href":"https:\/\/www.hameenlinnansibeliusseura.fi\/index.php?rest_route=%2Fwp%2Fv2%2Fcomments&post=1538"}],"version-history":[{"count":3,"href":"https:\/\/www.hameenlinnansibeliusseura.fi\/index.php?rest_route=\/wp\/v2\/pages\/1538\/revisions"}],"predecessor-version":[{"id":1551,"href":"https:\/\/www.hameenlinnansibeliusseura.fi\/index.php?rest_route=\/wp\/v2\/pages\/1538\/revisions\/1551"}],"wp:attachment":[{"href":"https:\/\/www.hameenlinnansibeliusseura.fi\/index.php?rest_route=%2Fwp%2Fv2%2Fmedia&parent=1538"}],"curies":[{"name":"wp","href":"https:\/\/api.w.org\/{rel}","templated":true}]}}