{"id":161,"date":"2013-10-03T18:41:46","date_gmt":"2013-10-03T18:41:46","guid":{"rendered":"http:\/\/feev9x3k.c4-suncomet.com\/?page_id=161"},"modified":"2020-09-16T14:45:54","modified_gmt":"2020-09-16T11:45:54","slug":"kunniajasenet-3","status":"publish","type":"page","link":"https:\/\/www.hameenlinnansibeliusseura.fi\/?page_id=161","title":{"rendered":"Kunniaj\u00e4senet"},"content":{"rendered":"<p><strong>Seuran kunniaj\u00e4senet, H\u00e4meenlinna<\/strong><\/p>\n<ul>\n<li>Aarre Helminen<\/li>\n<li>S\u00e4velt\u00e4j\u00e4 Tauno Marttinen<\/li>\n<li>Talousneuvos Olavi Luokomaa<\/li>\n<li>S\u00e4velt\u00e4j\u00e4 Jarmo Sermil\u00e4<\/li>\n<li>Erkki Korhonen<\/li>\n<\/ul>\n<p><strong>Ulkopuoliset kunniaj\u00e4senet<\/strong><\/p>\n<ul>\n<li>Pankinjohtaja Jan Ilves<\/li>\n<li>Erikoisl\u00e4\u00e4k\u00e4ri Rita Sibelius<\/li>\n<li>Varatuomari Erkki Virkkunen<\/li>\n<li>Professori Erik T. Tawastjerna<\/li>\n<\/ul>\n<p><strong>Kuuntele:<\/strong> Karita Mattila,\u00a0<a href=\"http:\/\/www.youtube.com\/watch?v=BtGxsWgUYXg\">Svarta rosor<\/a><\/p>\n","protected":false},"excerpt":{"rendered":"<p>Seuran kunniaj\u00e4senet, H\u00e4meenlinna Aarre Helminen S\u00e4velt\u00e4j\u00e4 Tauno Marttinen Talousneuvos Olavi Luokomaa S\u00e4velt\u00e4j\u00e4 Jarmo Sermil\u00e4 Erkki Korhonen Ulkopuoliset kunniaj\u00e4senet Pankinjohtaja Jan Ilves Erikoisl\u00e4\u00e4k\u00e4ri Rita Sibelius Varatuomari Erkki Virkkunen Professori Erik T. Tawastjerna Kuuntele: Karita Mattila,\u00a0Svarta rosor<\/p>\n","protected":false},"author":2,"featured_media":0,"parent":6,"menu_order":0,"comment_status":"closed","ping_status":"closed","template":"","meta":{"jetpack_post_was_ever_published":false,"footnotes":""},"jetpack_sharing_enabled":true,"jetpack_shortlink":"https:\/\/wp.me\/PeiXjB-2B","_links":{"self":[{"href":"https:\/\/www.hameenlinnansibeliusseura.fi\/index.php?rest_route=\/wp\/v2\/pages\/161"}],"collection":[{"href":"https:\/\/www.hameenlinnansibeliusseura.fi\/index.php?rest_route=\/wp\/v2\/pages"}],"about":[{"href":"https:\/\/www.hameenlinnansibeliusseura.fi\/index.php?rest_route=\/wp\/v2\/types\/page"}],"author":[{"embeddable":true,"href":"https:\/\/www.hameenlinnansibeliusseura.fi\/index.php?rest_route=\/wp\/v2\/users\/2"}],"replies":[{"embeddable":true,"href":"https:\/\/www.hameenlinnansibeliusseura.fi\/index.php?rest_route=%2Fwp%2Fv2%2Fcomments&post=161"}],"version-history":[{"count":5,"href":"https:\/\/www.hameenlinnansibeliusseura.fi\/index.php?rest_route=\/wp\/v2\/pages\/161\/revisions"}],"predecessor-version":[{"id":1153,"href":"https:\/\/www.hameenlinnansibeliusseura.fi\/index.php?rest_route=\/wp\/v2\/pages\/161\/revisions\/1153"}],"up":[{"embeddable":true,"href":"https:\/\/www.hameenlinnansibeliusseura.fi\/index.php?rest_route=\/wp\/v2\/pages\/6"}],"wp:attachment":[{"href":"https:\/\/www.hameenlinnansibeliusseura.fi\/index.php?rest_route=%2Fwp%2Fv2%2Fmedia&parent=161"}],"curies":[{"name":"wp","href":"https:\/\/api.w.org\/{rel}","templated":true}]}}