{"id":199,"date":"2013-10-05T07:13:54","date_gmt":"2013-10-05T07:13:54","guid":{"rendered":"http:\/\/feev9x3k.c4-suncomet.com\/?page_id=199"},"modified":"2024-10-10T09:19:25","modified_gmt":"2024-10-10T06:19:25","slug":"hameenlinnan-sibelius","status":"publish","type":"page","link":"https:\/\/www.hameenlinnansibeliusseura.fi\/?page_id=199","title":{"rendered":"H\u00e4meenlinnan Sibelius"},"content":{"rendered":"\n<figure class=\"wp-block-image size-large\"><a href=\"https:\/\/i0.wp.com\/www.hameenlinnansibeliusseura.fi\/wp-content\/uploads\/2015\/03\/DSCN6148.jpg?ssl=1\"><img decoding=\"async\" loading=\"lazy\" width=\"580\" height=\"156\" src=\"https:\/\/i0.wp.com\/www.hameenlinnansibeliusseura.fi\/wp-content\/uploads\/2015\/03\/DSCN6148.jpg?resize=580%2C156&#038;ssl=1\" alt=\"\" class=\"wp-image-926\" srcset=\"https:\/\/i0.wp.com\/www.hameenlinnansibeliusseura.fi\/wp-content\/uploads\/2015\/03\/DSCN6148.jpg?resize=1024%2C275&amp;ssl=1 1024w, https:\/\/i0.wp.com\/www.hameenlinnansibeliusseura.fi\/wp-content\/uploads\/2015\/03\/DSCN6148.jpg?resize=300%2C81&amp;ssl=1 300w, https:\/\/i0.wp.com\/www.hameenlinnansibeliusseura.fi\/wp-content\/uploads\/2015\/03\/DSCN6148.jpg?resize=624%2C168&amp;ssl=1 624w, https:\/\/i0.wp.com\/www.hameenlinnansibeliusseura.fi\/wp-content\/uploads\/2015\/03\/DSCN6148.jpg?w=1160&amp;ssl=1 1160w, https:\/\/i0.wp.com\/www.hameenlinnansibeliusseura.fi\/wp-content\/uploads\/2015\/03\/DSCN6148.jpg?w=1740&amp;ssl=1 1740w\" sizes=\"(max-width: 580px) 100vw, 580px\" data-recalc-dims=\"1\" \/><\/a><\/figure>\n\n\n\n<p>H\u00e4meenlinna on kansalliss\u00e4velt\u00e4j\u00e4&nbsp;<strong>Jean Sibeliuksen <\/strong>kaupunki! T\u00e4\u00e4ll\u00e4&nbsp;h\u00e4n on syntynyt, t\u00e4\u00e4ll\u00e4 k\u00e4ynyt koulunsa. T\u00e4\u00e4ll\u00e4 meid\u00e4n kaupungissamme h\u00e4n on viett\u00e4nyt korvaamattoman t\u00e4rke\u00e4t lapsuus- ja nuoruusvuotensa. H\u00e4nen s\u00e4veltaiteessaan H\u00e4me ja H\u00e4meenlinna el\u00e4v\u00e4t aina.<\/p>\n\n\n\n<p>Meill\u00e4 nykyh\u00e4meenlinnalaisilla on paljon opittavaa Sibeliuksesta. Vain hyvin harvoista tulee s\u00e4velt\u00e4ji\u00e4 &#8211; v\u00e4h\u00e4n useammista voi tulla soittajia ja aika monista laulajia. Mutta se, mit\u00e4 me kaikki voimme Sibeliuksesta oppia, musikaalisuudesta riippumatta, on rohkeus, luovuus ja innostuminen. Voimme toteuttaa n\u00e4it\u00e4 t\u00e4rkeit\u00e4 asioita el\u00e4m\u00e4ss\u00e4mme monin tavoin aivan tavallisessa arjessa. &nbsp;Jokainen meist\u00e4 voi kohdata vaikeat asiat rohkein mielin, toisilta tukea pyyt\u00e4en. Jokaisessa meiss\u00e4 on aimo annos luovuutta \u2013 voimme muuttaa rutiineja tai ryhty\u00e4 tekem\u00e4\u00e4n aivan uusia asioita. Meill\u00e4 on lupa innostua, lapsellisesti ja ep\u00e4suomalaisesti. Saamme vieh\u00e4tty\u00e4 vuodenaikojen vaihtelusta, kiinnostua uusista ihmisist\u00e4, hullaantua hyv\u00e4st\u00e4 konsertista tai haltioitua l\u00f6yt\u00e4m\u00e4st\u00e4mme kirjasta.<\/p>\n\n\n\n<p>Meill\u00e4 h\u00e4meenlinnalaisilla on suurenmoinen mahdollisuus innostua Sibeliuksesta, oman kaupunkimme s\u00e4velt\u00e4j\u00e4nerosta. Sibeliuksen musiikista voimme ammentaa voimaa arkeen ja rohkeutta tulevaisuuteen.<\/p>\n\n\n\n<p>Aulangon luonnonpuistossa avautuviin n\u00e4kymiin kerrotaan Sibeliuksen viitanneen vierailullaan vanhassa kotikaupungissaan 1930: &#8221;N\u00e4it\u00e4 nuoruuteni maisemia ajattelin, kun s\u00e4velsin Finlandian.&#8221;<\/p>\n\n\n\n<p><strong>Kuuntele:<\/strong>&nbsp;<a href=\"http:\/\/www.youtube.com\/watch?v=wO63xt2jWtc\">Finlandia&nbsp;<\/a><\/p>\n","protected":false},"excerpt":{"rendered":"<p>H\u00e4meenlinna on kansalliss\u00e4velt\u00e4j\u00e4&nbsp;Jean Sibeliuksen kaupunki! T\u00e4\u00e4ll\u00e4&nbsp;h\u00e4n on syntynyt, t\u00e4\u00e4ll\u00e4 k\u00e4ynyt koulunsa. T\u00e4\u00e4ll\u00e4 meid\u00e4n kaupungissamme h\u00e4n on viett\u00e4nyt korvaamattoman t\u00e4rke\u00e4t lapsuus- ja nuoruusvuotensa. H\u00e4nen s\u00e4veltaiteessaan H\u00e4me ja H\u00e4meenlinna el\u00e4v\u00e4t aina. Meill\u00e4 nykyh\u00e4meenlinnalaisilla on paljon opittavaa Sibeliuksesta. Vain hyvin harvoista tulee s\u00e4velt\u00e4ji\u00e4 &#8211; v\u00e4h\u00e4n useammista voi tulla soittajia ja aika monista laulajia. Mutta se, mit\u00e4 me kaikki [&hellip;]<\/p>\n","protected":false},"author":2,"featured_media":0,"parent":0,"menu_order":0,"comment_status":"closed","ping_status":"closed","template":"","meta":{"jetpack_post_was_ever_published":false,"footnotes":""},"jetpack_sharing_enabled":true,"jetpack_shortlink":"https:\/\/wp.me\/PeiXjB-3d","_links":{"self":[{"href":"https:\/\/www.hameenlinnansibeliusseura.fi\/index.php?rest_route=\/wp\/v2\/pages\/199"}],"collection":[{"href":"https:\/\/www.hameenlinnansibeliusseura.fi\/index.php?rest_route=\/wp\/v2\/pages"}],"about":[{"href":"https:\/\/www.hameenlinnansibeliusseura.fi\/index.php?rest_route=\/wp\/v2\/types\/page"}],"author":[{"embeddable":true,"href":"https:\/\/www.hameenlinnansibeliusseura.fi\/index.php?rest_route=\/wp\/v2\/users\/2"}],"replies":[{"embeddable":true,"href":"https:\/\/www.hameenlinnansibeliusseura.fi\/index.php?rest_route=%2Fwp%2Fv2%2Fcomments&post=199"}],"version-history":[{"count":6,"href":"https:\/\/www.hameenlinnansibeliusseura.fi\/index.php?rest_route=\/wp\/v2\/pages\/199\/revisions"}],"predecessor-version":[{"id":1366,"href":"https:\/\/www.hameenlinnansibeliusseura.fi\/index.php?rest_route=\/wp\/v2\/pages\/199\/revisions\/1366"}],"wp:attachment":[{"href":"https:\/\/www.hameenlinnansibeliusseura.fi\/index.php?rest_route=%2Fwp%2Fv2%2Fmedia&parent=199"}],"curies":[{"name":"wp","href":"https:\/\/api.w.org\/{rel}","templated":true}]}}