{"id":221,"date":"2013-10-05T09:36:29","date_gmt":"2013-10-05T09:36:29","guid":{"rendered":"http:\/\/feev9x3k.c4-suncomet.com\/?page_id=221"},"modified":"2014-09-04T15:36:12","modified_gmt":"2014-09-04T12:36:12","slug":"kirjallisuutta","status":"publish","type":"page","link":"https:\/\/www.hameenlinnansibeliusseura.fi\/?page_id=221","title":{"rendered":"Kirjallisuutta"},"content":{"rendered":"<p>Goss, Glenda Dawn 2009.\u00a0<em>Viel\u00e4k\u00f6 l\u00e4het\u00e4mme h\u00e4neelle sikareja? 24 tarinaa. Sibelius, Amerikka ja amerikkalaiset<\/em>, suom. toim. Martti Haapakoski. Helsinki: WSOY.<\/p>\n<p>Huttunen, Matti\u00a01999.\u00a0<em>Jean Sibelius. Pienoisel\u00e4m\u00e4kerta \u2014 An Ilustrated Life<\/em>. Porvoo\u2013Helsinki\u2013Juva: WSOY.<\/p>\n<p><em>Jean Sibelius. Kuvakertomus mestarin el\u00e4m\u00e4st\u00e4<\/em>, toim. Margareta Jalas 1952. Helsinki: Otava.<\/p>\n<p>Talas SuviSirkku, toim. 2001<em>. Syd\u00e4men aamu. Aino J\u00e4rnefeltin ja Jean Sibeliuksen kihlausajan kirjeit\u00e4\u00a0<\/em>(= Suomalaisen Kirjallisuuden Seuran toimituksia 821). Helsinki: Suomalaisen Kirjallisuuden Seura.<\/p>\n<p>Talas SuviSirkku, toim. 2003.\u00a0<em>Tulen synty. Aino ja Jean Sibeliuksen kirjeenvaihtoa 1892\u20131904<\/em>. (= Suomalaisen Kirjallisuuden Seuran toimituksia 910). Helsinki: Suomalaisen Kirjallisuuden Seura.<\/p>\n<p>Talas SuviSirkku, toim. 2007.\u00a0<em>Syysilta. Aino ja Jean Sibeliuksen kirjeenvaihtoa 1905\u20131931<\/em>. (= Suomalaisen Kirjallisuuden Seuran toimituksia 1133). Helsinki: Suomalaisen Kirjallisuuden Seura.<\/p>\n<p>Tawaststjerna, Erik 1965\u20131988.\u00a0<em>Jean Sibelius<\/em>\u00a01\u20135, suom. Tuomas Anhava &amp; Erkki Salmenhaara. Helsinki: Otava.<\/p>\n<p>Tawatstjerna, Erik T., toim. 2003\u00a0<em>Sibelius, <\/em>Otava<\/p>\n<p>Santeri Levas, !957 ja 1960, \u00a0<em>Jean Sibelius, Muistelma suuresta ihmisest\u00e4, <\/em>WSOY<\/p>\n<p>Lehtonen Matti, 2005, <em>Mutta seh\u00e4n on Sibelius, <\/em>Tammer-Paino Oy<\/p>\n<p>Sir\u00e9n Vesa, 2012, <em>Aina poltti sikaria, Jean Sibelius aikalaisten silmin,<\/em> Otava<\/p>\n","protected":false},"excerpt":{"rendered":"<p>Goss, Glenda Dawn 2009.\u00a0Viel\u00e4k\u00f6 l\u00e4het\u00e4mme h\u00e4neelle sikareja? 24 tarinaa. Sibelius, Amerikka ja amerikkalaiset, suom. toim. Martti Haapakoski. Helsinki: WSOY. Huttunen, Matti\u00a01999.\u00a0Jean Sibelius. Pienoisel\u00e4m\u00e4kerta \u2014 An Ilustrated Life. Porvoo\u2013Helsinki\u2013Juva: WSOY. Jean Sibelius. Kuvakertomus mestarin el\u00e4m\u00e4st\u00e4, toim. Margareta Jalas 1952. Helsinki: Otava. Talas SuviSirkku, toim. 2001. Syd\u00e4men aamu. Aino J\u00e4rnefeltin ja Jean Sibeliuksen kihlausajan kirjeit\u00e4\u00a0(= Suomalaisen Kirjallisuuden [&hellip;]<\/p>\n","protected":false},"author":2,"featured_media":0,"parent":81,"menu_order":0,"comment_status":"closed","ping_status":"closed","template":"","meta":{"jetpack_post_was_ever_published":false,"footnotes":""},"jetpack_sharing_enabled":true,"jetpack_shortlink":"https:\/\/wp.me\/PeiXjB-3z","_links":{"self":[{"href":"https:\/\/www.hameenlinnansibeliusseura.fi\/index.php?rest_route=\/wp\/v2\/pages\/221"}],"collection":[{"href":"https:\/\/www.hameenlinnansibeliusseura.fi\/index.php?rest_route=\/wp\/v2\/pages"}],"about":[{"href":"https:\/\/www.hameenlinnansibeliusseura.fi\/index.php?rest_route=\/wp\/v2\/types\/page"}],"author":[{"embeddable":true,"href":"https:\/\/www.hameenlinnansibeliusseura.fi\/index.php?rest_route=\/wp\/v2\/users\/2"}],"replies":[{"embeddable":true,"href":"https:\/\/www.hameenlinnansibeliusseura.fi\/index.php?rest_route=%2Fwp%2Fv2%2Fcomments&post=221"}],"version-history":[{"count":3,"href":"https:\/\/www.hameenlinnansibeliusseura.fi\/index.php?rest_route=\/wp\/v2\/pages\/221\/revisions"}],"predecessor-version":[{"id":796,"href":"https:\/\/www.hameenlinnansibeliusseura.fi\/index.php?rest_route=\/wp\/v2\/pages\/221\/revisions\/796"}],"up":[{"embeddable":true,"href":"https:\/\/www.hameenlinnansibeliusseura.fi\/index.php?rest_route=\/wp\/v2\/pages\/81"}],"wp:attachment":[{"href":"https:\/\/www.hameenlinnansibeliusseura.fi\/index.php?rest_route=%2Fwp%2Fv2%2Fmedia&parent=221"}],"curies":[{"name":"wp","href":"https:\/\/api.w.org\/{rel}","templated":true}]}}