{"id":225,"date":"2013-10-05T09:43:41","date_gmt":"2013-10-05T09:43:41","guid":{"rendered":"http:\/\/feev9x3k.c4-suncomet.com\/?page_id=225"},"modified":"2014-09-04T16:19:38","modified_gmt":"2014-09-04T13:19:38","slug":"saveltajamestari","status":"publish","type":"page","link":"https:\/\/www.hameenlinnansibeliusseura.fi\/?page_id=225","title":{"rendered":"S\u00e4velt\u00e4j\u00e4mestari"},"content":{"rendered":"<p>&nbsp;<\/p>\n<div>\n<figure id=\"attachment_358\" aria-describedby=\"caption-attachment-358\" style=\"width: 158px\" class=\"wp-caption alignleft\"><a href=\"https:\/\/i0.wp.com\/feev9x3k.c4-suncomet.com\/wp-content\/uploads\/2013\/10\/images3.jpeg\"><img decoding=\"async\" loading=\"lazy\" class=\"size-full wp-image-358\" src=\"https:\/\/i0.wp.com\/feev9x3k.c4-suncomet.com\/wp-content\/uploads\/2013\/10\/images3.jpeg?resize=158%2C319\" alt=\"Lyseolainen\" width=\"158\" height=\"319\" srcset=\"https:\/\/i0.wp.com\/www.hameenlinnansibeliusseura.fi\/wp-content\/uploads\/2013\/10\/images3.jpeg?w=158&amp;ssl=1 158w, https:\/\/i0.wp.com\/www.hameenlinnansibeliusseura.fi\/wp-content\/uploads\/2013\/10\/images3.jpeg?resize=148%2C300&amp;ssl=1 148w\" sizes=\"(max-width: 158px) 100vw, 158px\" data-recalc-dims=\"1\" \/><\/a><figcaption id=\"caption-attachment-358\" class=\"wp-caption-text\">Lyseolainen<\/figcaption><\/figure>\n<p>Johan Christian Julius \u201dJean\u201d Sibelius on Suomen kansalliss\u00e4velt\u00e4j\u00e4. \u00a0S\u00e4velt\u00e4j\u00e4mestari, jonka nimi tunnetaan ymp\u00e4ri maailmaa. H\u00e4nen kansallisromanttinen musiikkinsa oli t\u00e4rke\u00e4ss\u00e4 osassa Suomen kansallisen identiteetin muodostumisessa.<\/p>\n<p><a href=\"https:\/\/i0.wp.com\/feev9x3k.c4-suncomet.com\/wp-content\/uploads\/2013\/10\/images-11.jpeg\"><img decoding=\"async\" loading=\"lazy\" class=\"alignright size-thumbnail wp-image-152\" src=\"https:\/\/i0.wp.com\/feev9x3k.c4-suncomet.com\/wp-content\/uploads\/2013\/10\/images-11-112x150.jpeg?resize=112%2C150\" alt=\"images-1\" width=\"112\" height=\"150\" data-recalc-dims=\"1\" \/><\/a><br \/>\nSyntyi 8. joulukuuta 1865 H\u00e4meenlinnassa<br \/>\nKuoli 20. syyskuuta 1957 J\u00e4rvenp\u00e4\u00e4ss\u00e4<br \/>\nPuoliso: Aino \u00a0(v. 1892\u20131969)<br \/>\nLapset: Eva, Katarina, Margareta, Heidi, Kirsti, Ruth<\/p>\n<p>&nbsp;<\/p>\n<p>&nbsp;<\/p>\n<p><a href=\"https:\/\/i0.wp.com\/feev9x3k.c4-suncomet.com\/wp-content\/uploads\/2013\/10\/DSCN5599.jpg\"><img decoding=\"async\" loading=\"lazy\" class=\"alignright size-medium wp-image-174\" src=\"https:\/\/i0.wp.com\/feev9x3k.c4-suncomet.com\/wp-content\/uploads\/2013\/10\/DSCN5599-145x300.jpg?resize=145%2C300\" alt=\"M\u00e4nty\" width=\"145\" height=\"300\" srcset=\"https:\/\/i0.wp.com\/www.hameenlinnansibeliusseura.fi\/wp-content\/uploads\/2013\/10\/DSCN5599.jpg?resize=145%2C300&amp;ssl=1 145w, https:\/\/i0.wp.com\/www.hameenlinnansibeliusseura.fi\/wp-content\/uploads\/2013\/10\/DSCN5599.jpg?resize=496%2C1024&amp;ssl=1 496w, https:\/\/i0.wp.com\/www.hameenlinnansibeliusseura.fi\/wp-content\/uploads\/2013\/10\/DSCN5599.jpg?w=1160&amp;ssl=1 1160w, https:\/\/i0.wp.com\/www.hameenlinnansibeliusseura.fi\/wp-content\/uploads\/2013\/10\/DSCN5599.jpg?w=1740&amp;ssl=1 1740w\" sizes=\"(max-width: 145px) 100vw, 145px\" data-recalc-dims=\"1\" \/><\/a><\/p>\n<p><a href=\"http:\/\/www.youtube.com\/watch?v=omD9zHl8O9w\">Sibelius Ainolassa, Suomi-Filmi esitt\u00e4\u00e4<\/a><\/p>\n<p><a href=\"http:\/\/www.youtube.com\/watch?v=Tx3Xgzebtm8\">Jean Sibeliuksen radiohaastattelu 1948<\/a><\/p>\n<p><a href=\"http:\/\/www.youtube.com\/watch?v=dhK_yVH8ozc\">Sibeliuksen hautajaiset 30.9.1957<\/a><\/p>\n<p><a href=\"http:\/\/www.youtube.com\/watch?v=5Ls8-pk4IS4\"><span style=\"line-height: 1.714285714; font-size: 1rem;\">\u00a0<\/span><\/a><\/p>\n<p><a href=\"http:\/\/www.youtube.com\/watch?v=5Ls8-pk4IS4\">Valse Triste<\/a><\/p>\n<p>&nbsp;<\/p>\n<div><\/div>\n<\/div>\n","protected":false},"excerpt":{"rendered":"<p>&nbsp; Johan Christian Julius \u201dJean\u201d Sibelius on Suomen kansalliss\u00e4velt\u00e4j\u00e4. \u00a0S\u00e4velt\u00e4j\u00e4mestari, jonka nimi tunnetaan ymp\u00e4ri maailmaa. H\u00e4nen kansallisromanttinen musiikkinsa oli t\u00e4rke\u00e4ss\u00e4 osassa Suomen kansallisen identiteetin muodostumisessa. Syntyi 8. joulukuuta 1865 H\u00e4meenlinnassa Kuoli 20. syyskuuta 1957 J\u00e4rvenp\u00e4\u00e4ss\u00e4 Puoliso: Aino \u00a0(v. 1892\u20131969) Lapset: Eva, Katarina, Margareta, Heidi, Kirsti, Ruth &nbsp; &nbsp; Sibelius Ainolassa, Suomi-Filmi esitt\u00e4\u00e4 Jean Sibeliuksen radiohaastattelu [&hellip;]<\/p>\n","protected":false},"author":2,"featured_media":0,"parent":0,"menu_order":0,"comment_status":"closed","ping_status":"closed","template":"","meta":{"jetpack_post_was_ever_published":false,"footnotes":""},"jetpack_sharing_enabled":true,"jetpack_shortlink":"https:\/\/wp.me\/PeiXjB-3D","_links":{"self":[{"href":"https:\/\/www.hameenlinnansibeliusseura.fi\/index.php?rest_route=\/wp\/v2\/pages\/225"}],"collection":[{"href":"https:\/\/www.hameenlinnansibeliusseura.fi\/index.php?rest_route=\/wp\/v2\/pages"}],"about":[{"href":"https:\/\/www.hameenlinnansibeliusseura.fi\/index.php?rest_route=\/wp\/v2\/types\/page"}],"author":[{"embeddable":true,"href":"https:\/\/www.hameenlinnansibeliusseura.fi\/index.php?rest_route=\/wp\/v2\/users\/2"}],"replies":[{"embeddable":true,"href":"https:\/\/www.hameenlinnansibeliusseura.fi\/index.php?rest_route=%2Fwp%2Fv2%2Fcomments&post=225"}],"version-history":[{"count":14,"href":"https:\/\/www.hameenlinnansibeliusseura.fi\/index.php?rest_route=\/wp\/v2\/pages\/225\/revisions"}],"predecessor-version":[{"id":801,"href":"https:\/\/www.hameenlinnansibeliusseura.fi\/index.php?rest_route=\/wp\/v2\/pages\/225\/revisions\/801"}],"wp:attachment":[{"href":"https:\/\/www.hameenlinnansibeliusseura.fi\/index.php?rest_route=%2Fwp%2Fv2%2Fmedia&parent=225"}],"curies":[{"name":"wp","href":"https:\/\/api.w.org\/{rel}","templated":true}]}}