{"id":331,"date":"2013-10-29T17:05:18","date_gmt":"2013-10-29T15:05:18","guid":{"rendered":"http:\/\/feev9x3k.c4-suncomet.com\/?page_id=331"},"modified":"2014-12-14T12:44:27","modified_gmt":"2014-12-14T10:44:27","slug":"sibeliuksen-hameenlinna","status":"publish","type":"page","link":"https:\/\/www.hameenlinnansibeliusseura.fi\/?page_id=331","title":{"rendered":"Sibeliuksen H\u00e4meenlinna"},"content":{"rendered":"<p><strong>H\u00e4meenlinnan hautausmaat ja Jean Sibelius<\/strong><\/p>\n<p>Jean Sibeliuksen is\u00e4, Christian Gustav Sibelius muutti Uudeltamaalta H\u00e4meenlinnaan<\/p>\n<figure id=\"attachment_861\" aria-describedby=\"caption-attachment-861\" style=\"width: 300px\" class=\"wp-caption alignright\"><a href=\"https:\/\/i0.wp.com\/www.hameenlinnansibeliusseura.fi\/wp-content\/uploads\/2014\/12\/DSC_0022.jpg?ssl=1\"><img decoding=\"async\" loading=\"lazy\" class=\"size-medium wp-image-861\" src=\"https:\/\/i0.wp.com\/www.hameenlinnansibeliusseura.fi\/wp-content\/uploads\/2014\/12\/DSC_0022.jpg?resize=300%2C199&#038;ssl=1\" alt=\"Christian Gustav Sibelius 1821-1868\" width=\"300\" height=\"199\" srcset=\"https:\/\/i0.wp.com\/www.hameenlinnansibeliusseura.fi\/wp-content\/uploads\/2014\/12\/DSC_0022.jpg?resize=300%2C199&amp;ssl=1 300w, https:\/\/i0.wp.com\/www.hameenlinnansibeliusseura.fi\/wp-content\/uploads\/2014\/12\/DSC_0022.jpg?resize=1024%2C680&amp;ssl=1 1024w, https:\/\/i0.wp.com\/www.hameenlinnansibeliusseura.fi\/wp-content\/uploads\/2014\/12\/DSC_0022.jpg?resize=624%2C414&amp;ssl=1 624w, https:\/\/i0.wp.com\/www.hameenlinnansibeliusseura.fi\/wp-content\/uploads\/2014\/12\/DSC_0022.jpg?w=1160&amp;ssl=1 1160w, https:\/\/i0.wp.com\/www.hameenlinnansibeliusseura.fi\/wp-content\/uploads\/2014\/12\/DSC_0022.jpg?w=1740&amp;ssl=1 1740w\" sizes=\"(max-width: 300px) 100vw, 300px\" data-recalc-dims=\"1\" \/><\/a><figcaption id=\"caption-attachment-861\" class=\"wp-caption-text\">Christian Gustav Sibelius 1821-1868v<\/figcaption><\/figure>\n<p>varuskunnan- ja kaupunginl\u00e4\u00e4k\u00e4riksi 1860. Kaksi vuotta my\u00f6hemmin h\u00e4n\u00a0avioitui rovastinna Katarina Borgin Maria-tytt\u00e4ren kanssa. Christian Sibelius kuoli\u00a0kaupungissa riehuvaan lavantautiin 1868, jolloin lapset olivat kovin pieni\u00e4. Janne\u00a0oli alle kolmevuotias ja Linda-sisko viisi. Christian-veli syntyi vasta seuraavana\u00a0vuonna.<\/p>\n<p>Is\u00e4n kuolema muutti perheen el\u00e4m\u00e4n. He\u00a0joutuivat j\u00e4tt\u00e4m\u00e4\u00e4n kotinsa ja muuttamaan\u00a0\u00e4idin\u00e4idin, Katarina Borgin luokse.\u00a0Jean Sibeliuksen is\u00e4n hauta sijaitsee\u00a0H\u00e4meenlinnan Vanhalla hautausmaalla\u00a0Kaurialassa, aivan moottoritien kupeessa.\u00a0Vanhan hautausmaan k\u00e4ytt\u00f6 p\u00e4\u00e4ttyi\u00a01870-luvulla.<\/p>\n<figure id=\"attachment_834\" aria-describedby=\"caption-attachment-834\" style=\"width: 300px\" class=\"wp-caption alignleft\"><a href=\"https:\/\/i0.wp.com\/www.hameenlinnansibeliusseura.fi\/wp-content\/uploads\/2014\/12\/Borgluonnonk0272.jpg?ssl=1\"><img decoding=\"async\" loading=\"lazy\" class=\"size-medium wp-image-834\" src=\"https:\/\/i0.wp.com\/www.hameenlinnansibeliusseura.fi\/wp-content\/uploads\/2014\/12\/Borgluonnonk0272.jpg?resize=300%2C199&#038;ssl=1\" alt=\"Axel Gustav Borg 1845-1903 Julia Borg 1850-1909 Katarina Juliana Borg 1812-1892 Thekla Borg 1849-1912 Maria Charlotta Sibelius (Borg) 1841-1897 Linda Maria Sibelius 1863-1932\" width=\"300\" height=\"199\" srcset=\"https:\/\/i0.wp.com\/www.hameenlinnansibeliusseura.fi\/wp-content\/uploads\/2014\/12\/Borgluonnonk0272.jpg?resize=300%2C199&amp;ssl=1 300w, https:\/\/i0.wp.com\/www.hameenlinnansibeliusseura.fi\/wp-content\/uploads\/2014\/12\/Borgluonnonk0272.jpg?resize=1024%2C680&amp;ssl=1 1024w, https:\/\/i0.wp.com\/www.hameenlinnansibeliusseura.fi\/wp-content\/uploads\/2014\/12\/Borgluonnonk0272.jpg?resize=624%2C414&amp;ssl=1 624w, https:\/\/i0.wp.com\/www.hameenlinnansibeliusseura.fi\/wp-content\/uploads\/2014\/12\/Borgluonnonk0272.jpg?w=1160&amp;ssl=1 1160w, https:\/\/i0.wp.com\/www.hameenlinnansibeliusseura.fi\/wp-content\/uploads\/2014\/12\/Borgluonnonk0272.jpg?w=1740&amp;ssl=1 1740w\" sizes=\"(max-width: 300px) 100vw, 300px\" data-recalc-dims=\"1\" \/><\/a><figcaption id=\"caption-attachment-834\" class=\"wp-caption-text\">Axel Gustav Borg 1845-1903<br \/>Julia Borg 1850-1909<br \/>Katarina Juliana Borg 1812-1892<br \/>Thekla Borg 1849-1912<br \/>Maria Charlotta Sibelius (Borg) 1841-1897<br \/>Linda Maria Sibelius 1863-1932<\/figcaption><\/figure>\n<p>Jannen is\u00e4n kuoltua iso\u00e4iti Katarina Borgista tuli perheen koossa pit\u00e4v\u00e4 voima.\u00a0Iso\u00e4idill\u00e4 oli suuri merkitys Jannen kasvattajana ja kannustajana. Katarina Borgin\u00a0luona asuivat eri ajanjaksoina Marian ja lasten lis\u00e4ksi rovastinnan naimattomat\u00a0lapset, Marian sisaret. Ahveniston hautausmaalla kaupungin l\u00e4nsipuolella on\u00a0sukuhauta, jossa lep\u00e4\u00e4 Jannen lapsuuden perhe. Keskell\u00e4 edess\u00e4 on iso\u00e4iti Katarina\u00a0Borg ja h\u00e4nen ymp\u00e4rill\u00e4\u00e4n lapset Axel, Julia, Thekla ja Maria, Jannen \u00e4iti sek\u00e4\u00a0Marian kanssa saman paaden alla Jannen Linda-sisko.<\/p>\n<p>&nbsp;<\/p>\n<figure id=\"attachment_839\" aria-describedby=\"caption-attachment-839\" style=\"width: 300px\" class=\"wp-caption aligncenter\"><a href=\"https:\/\/i0.wp.com\/www.hameenlinnansibeliusseura.fi\/wp-content\/uploads\/2014\/12\/levander0294.jpg?ssl=1\"><img decoding=\"async\" loading=\"lazy\" class=\"size-medium wp-image-839\" src=\"https:\/\/i0.wp.com\/www.hameenlinnansibeliusseura.fi\/wp-content\/uploads\/2014\/12\/levander0294.jpg?resize=300%2C199&#038;ssl=1\" alt=\"Ahveniston hautausmaalla on my\u00f6s Jannen ensimm\u00e4isen viulunsoitonopettajan Gustaf Levanderin hauta.\" width=\"300\" height=\"199\" srcset=\"https:\/\/i0.wp.com\/www.hameenlinnansibeliusseura.fi\/wp-content\/uploads\/2014\/12\/levander0294.jpg?resize=300%2C199&amp;ssl=1 300w, https:\/\/i0.wp.com\/www.hameenlinnansibeliusseura.fi\/wp-content\/uploads\/2014\/12\/levander0294.jpg?resize=1024%2C680&amp;ssl=1 1024w, https:\/\/i0.wp.com\/www.hameenlinnansibeliusseura.fi\/wp-content\/uploads\/2014\/12\/levander0294.jpg?resize=624%2C414&amp;ssl=1 624w, https:\/\/i0.wp.com\/www.hameenlinnansibeliusseura.fi\/wp-content\/uploads\/2014\/12\/levander0294.jpg?w=1160&amp;ssl=1 1160w, https:\/\/i0.wp.com\/www.hameenlinnansibeliusseura.fi\/wp-content\/uploads\/2014\/12\/levander0294.jpg?w=1740&amp;ssl=1 1740w\" sizes=\"(max-width: 300px) 100vw, 300px\" data-recalc-dims=\"1\" \/><\/a><figcaption id=\"caption-attachment-839\" class=\"wp-caption-text\">Ahveniston hautausmaalla on my\u00f6s Jannen ensimm\u00e4isen viulunsoitonopettajan Gustaf Levanderin hauta.<\/figcaption><\/figure>\n<figure id=\"attachment_840\" aria-describedby=\"caption-attachment-840\" style=\"width: 625px\" class=\"wp-caption alignleft\"><a href=\"https:\/\/i0.wp.com\/www.hameenlinnansibeliusseura.fi\/wp-content\/uploads\/2014\/12\/DSC_0079.jpg?ssl=1\"><img decoding=\"async\" loading=\"lazy\" class=\"size-large wp-image-840\" src=\"https:\/\/i0.wp.com\/www.hameenlinnansibeliusseura.fi\/wp-content\/uploads\/2014\/12\/DSC_0079.jpg?resize=580%2C378&#038;ssl=1\" alt=\"Vanha hautausmaa Pyh\u00e4inp\u00e4iv\u00e4n\u00e4 2014\" width=\"580\" height=\"378\" srcset=\"https:\/\/i0.wp.com\/www.hameenlinnansibeliusseura.fi\/wp-content\/uploads\/2014\/12\/DSC_0079.jpg?resize=1024%2C667&amp;ssl=1 1024w, https:\/\/i0.wp.com\/www.hameenlinnansibeliusseura.fi\/wp-content\/uploads\/2014\/12\/DSC_0079.jpg?resize=300%2C195&amp;ssl=1 300w, https:\/\/i0.wp.com\/www.hameenlinnansibeliusseura.fi\/wp-content\/uploads\/2014\/12\/DSC_0079.jpg?resize=624%2C406&amp;ssl=1 624w, https:\/\/i0.wp.com\/www.hameenlinnansibeliusseura.fi\/wp-content\/uploads\/2014\/12\/DSC_0079.jpg?w=1160&amp;ssl=1 1160w, https:\/\/i0.wp.com\/www.hameenlinnansibeliusseura.fi\/wp-content\/uploads\/2014\/12\/DSC_0079.jpg?w=1740&amp;ssl=1 1740w\" sizes=\"(max-width: 580px) 100vw, 580px\" data-recalc-dims=\"1\" \/><\/a><figcaption id=\"caption-attachment-840\" class=\"wp-caption-text\">Vanha hautausmaa Pyh\u00e4inp\u00e4iv\u00e4n\u00e4 2014<\/figcaption><\/figure>\n<p>&nbsp;<\/p>\n<p><a href=\"https:\/\/maps.google.fi\/maps\/ms?hl=fi&amp;ie=UTF8&amp;source=embed&amp;msa=0&amp;msid=202360134029116073681.000492795f7f11e87e5ca&amp;ll=60.997794,24.463248&amp;spn=0.015356,0.055747&amp;t=h&amp;dg=feature\">Sibelius-kohteita H\u00e4meenlinnassa<\/a><\/p>\n<p><a href=\"https:\/\/i0.wp.com\/www.hameenlinnansibeliusseura.fi\/wp-content\/uploads\/2013\/10\/IMG_2195.jpg?ssl=1\"><img decoding=\"async\" loading=\"lazy\" class=\"alignright size-large wp-image-791\" src=\"https:\/\/i0.wp.com\/www.hameenlinnansibeliusseura.fi\/wp-content\/uploads\/2013\/10\/IMG_2195.jpg?resize=580%2C372&#038;ssl=1\" alt=\"IMG_2195\" width=\"580\" height=\"372\" srcset=\"https:\/\/i0.wp.com\/www.hameenlinnansibeliusseura.fi\/wp-content\/uploads\/2013\/10\/IMG_2195.jpg?resize=1024%2C658&amp;ssl=1 1024w, https:\/\/i0.wp.com\/www.hameenlinnansibeliusseura.fi\/wp-content\/uploads\/2013\/10\/IMG_2195.jpg?resize=300%2C192&amp;ssl=1 300w, https:\/\/i0.wp.com\/www.hameenlinnansibeliusseura.fi\/wp-content\/uploads\/2013\/10\/IMG_2195.jpg?resize=624%2C401&amp;ssl=1 624w, https:\/\/i0.wp.com\/www.hameenlinnansibeliusseura.fi\/wp-content\/uploads\/2013\/10\/IMG_2195.jpg?w=1160&amp;ssl=1 1160w, https:\/\/i0.wp.com\/www.hameenlinnansibeliusseura.fi\/wp-content\/uploads\/2013\/10\/IMG_2195.jpg?w=1740&amp;ssl=1 1740w\" sizes=\"(max-width: 580px) 100vw, 580px\" data-recalc-dims=\"1\" \/><\/a><\/p>\n<p>Tee <a href=\"https:\/\/citynomadi.com\/route\/961287ce8762823b21f91fe85ba27bea\/fi\/Sibelius%20ja%20H\u00e4meenlinna\">virtuaaliretki<\/a> Sibeliuksen ajan H\u00e4meenlinnaan.<\/p>\n","protected":false},"excerpt":{"rendered":"<p>H\u00e4meenlinnan hautausmaat ja Jean Sibelius Jean Sibeliuksen is\u00e4, Christian Gustav Sibelius muutti Uudeltamaalta H\u00e4meenlinnaan varuskunnan- ja kaupunginl\u00e4\u00e4k\u00e4riksi 1860. Kaksi vuotta my\u00f6hemmin h\u00e4n\u00a0avioitui rovastinna Katarina Borgin Maria-tytt\u00e4ren kanssa. Christian Sibelius kuoli\u00a0kaupungissa riehuvaan lavantautiin 1868, jolloin lapset olivat kovin pieni\u00e4. Janne\u00a0oli alle kolmevuotias ja Linda-sisko viisi. Christian-veli syntyi vasta seuraavana\u00a0vuonna. Is\u00e4n kuolema muutti perheen el\u00e4m\u00e4n. He\u00a0joutuivat j\u00e4tt\u00e4m\u00e4\u00e4n [&hellip;]<\/p>\n","protected":false},"author":2,"featured_media":0,"parent":0,"menu_order":0,"comment_status":"closed","ping_status":"closed","template":"","meta":{"jetpack_post_was_ever_published":false,"footnotes":""},"jetpack_sharing_enabled":true,"jetpack_shortlink":"https:\/\/wp.me\/PeiXjB-5l","_links":{"self":[{"href":"https:\/\/www.hameenlinnansibeliusseura.fi\/index.php?rest_route=\/wp\/v2\/pages\/331"}],"collection":[{"href":"https:\/\/www.hameenlinnansibeliusseura.fi\/index.php?rest_route=\/wp\/v2\/pages"}],"about":[{"href":"https:\/\/www.hameenlinnansibeliusseura.fi\/index.php?rest_route=\/wp\/v2\/types\/page"}],"author":[{"embeddable":true,"href":"https:\/\/www.hameenlinnansibeliusseura.fi\/index.php?rest_route=\/wp\/v2\/users\/2"}],"replies":[{"embeddable":true,"href":"https:\/\/www.hameenlinnansibeliusseura.fi\/index.php?rest_route=%2Fwp%2Fv2%2Fcomments&post=331"}],"version-history":[{"count":7,"href":"https:\/\/www.hameenlinnansibeliusseura.fi\/index.php?rest_route=\/wp\/v2\/pages\/331\/revisions"}],"predecessor-version":[{"id":874,"href":"https:\/\/www.hameenlinnansibeliusseura.fi\/index.php?rest_route=\/wp\/v2\/pages\/331\/revisions\/874"}],"wp:attachment":[{"href":"https:\/\/www.hameenlinnansibeliusseura.fi\/index.php?rest_route=%2Fwp%2Fv2%2Fmedia&parent=331"}],"curies":[{"name":"wp","href":"https:\/\/api.w.org\/{rel}","templated":true}]}}