{"id":6,"date":"2013-10-01T21:00:24","date_gmt":"2013-10-01T21:00:24","guid":{"rendered":"http:\/\/feev9x3k.c4-suncomet.com\/?page_id=6"},"modified":"2024-10-10T08:55:56","modified_gmt":"2024-10-10T05:55:56","slug":"jasenyys","status":"publish","type":"page","link":"https:\/\/www.hameenlinnansibeliusseura.fi\/?page_id=6","title":{"rendered":"J\u00e4senyys"},"content":{"rendered":"\n<p>Yhdistyksen j\u00e4seneksi voi liitty\u00e4 yksityinen henkil\u00f6 sek\u00e4 my\u00f6s yhdistys, yritys, yhteis\u00f6 tai s\u00e4\u00e4ti\u00f6. J\u00e4senet voivat olla vuosi-, ainais- tai kannattajaj\u00e4seni\u00e4. J\u00e4senet hyv\u00e4ksyy hallitus.<\/p>\n\n\n\n<h3 class=\"wp-block-heading\"><strong>J\u00e4senmaksu<\/strong><\/h3>\n\n\n\n<ul>\n<li>Perusj\u00e4senmaksu 25 \u20ac \/v<\/li>\n\n\n\n<li>Opiskelijaj\u00e4senmaksu 10 \u20ac \/v<\/li>\n\n\n\n<li>Ainaisj\u00e4senmaksu 200 \u20ac<\/li>\n\n\n\n<li>Yhteis\u00f6j\u00e4senmaksu 120 \u20ac \/v<\/li>\n<\/ul>\n\n\n\n<h3 class=\"wp-block-heading\">Liity j\u00e4seneksi<\/h3>\n\n\n\n<p>Jos haluat olla mukana Sibeliuksen syntym\u00e4kaupungin perinteikk\u00e4\u00e4ss\u00e4, mutta reippaasti uudistuvassa kulttuuriyhteis\u00f6ss\u00e4, t\u00e4yt\u00e4 alla olevan lomake ja l\u00e4het\u00e4 se. Me otamme sinuun yhteytt\u00e4.<\/p>\n\n\n<div class=\"wp-block-jetpack-contact-form\"><a href=\"https:\/\/www.hameenlinnansibeliusseura.fi\/?page_id=6\" target=\"_blank\" rel=\"noopener noreferrer\">Submit a form.<\/a><\/div>\n\n\n<p><strong>Kuuntele:<\/strong> Veikko Tyrv\u00e4inen,&nbsp;<a href=\"http:\/\/www.youtube.com\/watch?v=AOL8laSH_nY\">Tuoll&#8217; laulaa neitonen<\/a><br><br><strong>Kuuntele:<\/strong> Glenn Gould,&nbsp;<a href=\"http:\/\/www.youtube.com\/watch?v=AwZyGhNPJ8o&amp;list=PLpWBOJk1UVszmgOeJ6J2hqmQ_N1We0H2_\">Sonatine in E major Opus 67 no.2<\/a><\/p>\n","protected":false},"excerpt":{"rendered":"<p>Yhdistyksen j\u00e4seneksi voi liitty\u00e4 yksityinen henkil\u00f6 sek\u00e4 my\u00f6s yhdistys, yritys, yhteis\u00f6 tai s\u00e4\u00e4ti\u00f6. J\u00e4senet voivat olla vuosi-, ainais- tai kannattajaj\u00e4seni\u00e4. J\u00e4senet hyv\u00e4ksyy hallitus. J\u00e4senmaksu Liity j\u00e4seneksi Jos haluat olla mukana Sibeliuksen syntym\u00e4kaupungin perinteikk\u00e4\u00e4ss\u00e4, mutta reippaasti uudistuvassa kulttuuriyhteis\u00f6ss\u00e4, t\u00e4yt\u00e4 alla olevan lomake ja l\u00e4het\u00e4 se. Me otamme sinuun yhteytt\u00e4. Kuuntele: Veikko Tyrv\u00e4inen,&nbsp;Tuoll&#8217; laulaa neitonen Kuuntele: Glenn [&hellip;]<\/p>\n","protected":false},"author":2,"featured_media":0,"parent":0,"menu_order":0,"comment_status":"closed","ping_status":"closed","template":"","meta":{"jetpack_post_was_ever_published":false,"footnotes":""},"jetpack_sharing_enabled":true,"jetpack_shortlink":"https:\/\/wp.me\/PeiXjB-6","_links":{"self":[{"href":"https:\/\/www.hameenlinnansibeliusseura.fi\/index.php?rest_route=\/wp\/v2\/pages\/6"}],"collection":[{"href":"https:\/\/www.hameenlinnansibeliusseura.fi\/index.php?rest_route=\/wp\/v2\/pages"}],"about":[{"href":"https:\/\/www.hameenlinnansibeliusseura.fi\/index.php?rest_route=\/wp\/v2\/types\/page"}],"author":[{"embeddable":true,"href":"https:\/\/www.hameenlinnansibeliusseura.fi\/index.php?rest_route=\/wp\/v2\/users\/2"}],"replies":[{"embeddable":true,"href":"https:\/\/www.hameenlinnansibeliusseura.fi\/index.php?rest_route=%2Fwp%2Fv2%2Fcomments&post=6"}],"version-history":[{"count":26,"href":"https:\/\/www.hameenlinnansibeliusseura.fi\/index.php?rest_route=\/wp\/v2\/pages\/6\/revisions"}],"predecessor-version":[{"id":1358,"href":"https:\/\/www.hameenlinnansibeliusseura.fi\/index.php?rest_route=\/wp\/v2\/pages\/6\/revisions\/1358"}],"wp:attachment":[{"href":"https:\/\/www.hameenlinnansibeliusseura.fi\/index.php?rest_route=%2Fwp%2Fv2%2Fmedia&parent=6"}],"curies":[{"name":"wp","href":"https:\/\/api.w.org\/{rel}","templated":true}]}}