{"id":74,"date":"2013-10-02T12:47:29","date_gmt":"2013-10-02T12:47:29","guid":{"rendered":"http:\/\/feev9x3k.c4-suncomet.com\/?page_id=74"},"modified":"2026-01-13T09:40:32","modified_gmt":"2026-01-13T07:40:32","slug":"yhteystiedot","status":"publish","type":"page","link":"https:\/\/www.hameenlinnansibeliusseura.fi\/?page_id=74","title":{"rendered":"Yhteystiedot"},"content":{"rendered":"<p><b>Puheenjohtaja Miikko Santala &#8211; miikko.santala@gmail.com<\/b><\/p>\n<p><strong>Sihteeri Riitta Hietanen &#8211; hmlsibeliusseura.sihteeri@gmail.com<\/strong><\/p>\n<p><b>Tuottaja P\u00e4ivi Hirvikoski &#8211; hmlsibeliusseura.tuottaja@gmail.com<\/b><span style=\"font-size: 1rem;\"><br \/>\n<\/span><\/p>\n<p><strong>Seuran Facebook-sivut l\u00f6ytyv\u00e4t\u00a0<\/strong><a href=\"https:\/\/www.facebook.com\/HameenlinnanSibeliusseura\"> t\u00e4\u00e4lt\u00e4<\/a><\/p>\n<p>Voit l\u00e4hett\u00e4\u00e4 palautetta, kysymyksi\u00e4 tai ehdotuksia alla olevalla lomakkeella. Jos haluat vastauksen, anna yhteystietosi.<\/p>\n<div data-test='contact-form' id='contact-form-74' class='wp-block-jetpack-contact-form-container '>\n<form action='https:\/\/www.hameenlinnansibeliusseura.fi\/?page_id=74#contact-form-74' method='post' class='contact-form commentsblock' aria-label=\"Yhteystiedot\" novalidate>\n\n<div style=\"\" class='grunion-field-text-wrap grunion-field-wrap'  >\n<label\n\t\t\t\tfor='g74-nimi'\n\t\t\t\tclass='grunion-field-label text'>Nimi<\/label>\n<input\n\t\t\t\t\ttype='text'\n\t\t\t\t\tname='g74-nimi'\n\t\t\t\t\tid='g74-nimi'\n\t\t\t\t\tvalue=''\n\t\t\t\t\tclass='text  grunion-field' \n\t\t\t\t\t \/>\n\t<\/div>\n\n<div style=\"\" class='grunion-field-text-wrap grunion-field-wrap'  >\n<label\n\t\t\t\tfor='g74-shkposti'\n\t\t\t\tclass='grunion-field-label text'>S\u00e4hk\u00f6posti<\/label>\n<input\n\t\t\t\t\ttype='text'\n\t\t\t\t\tname='g74-shkposti'\n\t\t\t\t\tid='g74-shkposti'\n\t\t\t\t\tvalue=''\n\t\t\t\t\tclass='text  grunion-field' \n\t\t\t\t\t \/>\n\t<\/div>\n\n<div style=\"\" class='grunion-field-text-wrap grunion-field-wrap'  >\n<label\n\t\t\t\tfor='g74-puhelin'\n\t\t\t\tclass='grunion-field-label text'>Puhelin<\/label>\n<input\n\t\t\t\t\ttype='text'\n\t\t\t\t\tname='g74-puhelin'\n\t\t\t\t\tid='g74-puhelin'\n\t\t\t\t\tvalue=''\n\t\t\t\t\tclass='text  grunion-field' \n\t\t\t\t\t \/>\n\t<\/div>\n\n<div style=\"\" class='grunion-field-textarea-wrap grunion-field-wrap'  >\n<label\n\t\t\t\tfor='contact-form-comment-g74-palaute'\n\t\t\t\tclass='grunion-field-label textarea'>Palaute<\/label>\n<textarea\n\t\t                style=''\n\t\t                name='g74-palaute'\n\t\t                id='contact-form-comment-g74-palaute'\n\t\t                rows='20' class='textarea  grunion-field'  ><\/textarea>\n\t<\/div>\n\t<p class='contact-submit'>\n\t\t<button type='submit' class='pushbutton-wide'>L\u00e4het\u00e4<\/button>\t\t<input type='hidden' name='contact-form-id' value='74' \/>\n\t\t<input type='hidden' name='action' value='grunion-contact-form' \/>\n\t\t<input type='hidden' name='contact-form-hash' value='e69d9d259be5a2d733eee9f23cbcb76935183871' \/>\n\t<\/p>\n<p style=\"display: none !important;\" class=\"akismet-fields-container\" data-prefix=\"ak_\"><label>&#916;<textarea name=\"ak_hp_textarea\" cols=\"45\" rows=\"8\" maxlength=\"100\"><\/textarea><\/label><input type=\"hidden\" id=\"ak_js_1\" name=\"ak_js\" value=\"238\"\/><script>document.getElementById( \"ak_js_1\" ).setAttribute( \"value\", ( new Date() ).getTime() );<\/script><\/p><\/form>\n<\/div>\n","protected":false},"excerpt":{"rendered":"<p>Puheenjohtaja Miikko Santala &#8211; miikko.santala@gmail.com Sihteeri Riitta Hietanen &#8211; hmlsibeliusseura.sihteeri@gmail.com Tuottaja P\u00e4ivi Hirvikoski &#8211; hmlsibeliusseura.tuottaja@gmail.com Seuran Facebook-sivut l\u00f6ytyv\u00e4t\u00a0 t\u00e4\u00e4lt\u00e4 Voit l\u00e4hett\u00e4\u00e4 palautetta, kysymyksi\u00e4 tai ehdotuksia alla olevalla lomakkeella. Jos haluat vastauksen, anna yhteystietosi.<\/p>\n","protected":false},"author":2,"featured_media":0,"parent":0,"menu_order":0,"comment_status":"closed","ping_status":"closed","template":"","meta":{"jetpack_post_was_ever_published":false,"footnotes":""},"jetpack_sharing_enabled":false,"jetpack_shortlink":"https:\/\/wp.me\/PeiXjB-1c","_links":{"self":[{"href":"https:\/\/www.hameenlinnansibeliusseura.fi\/index.php?rest_route=\/wp\/v2\/pages\/74"}],"collection":[{"href":"https:\/\/www.hameenlinnansibeliusseura.fi\/index.php?rest_route=\/wp\/v2\/pages"}],"about":[{"href":"https:\/\/www.hameenlinnansibeliusseura.fi\/index.php?rest_route=\/wp\/v2\/types\/page"}],"author":[{"embeddable":true,"href":"https:\/\/www.hameenlinnansibeliusseura.fi\/index.php?rest_route=\/wp\/v2\/users\/2"}],"replies":[{"embeddable":true,"href":"https:\/\/www.hameenlinnansibeliusseura.fi\/index.php?rest_route=%2Fwp%2Fv2%2Fcomments&post=74"}],"version-history":[{"count":45,"href":"https:\/\/www.hameenlinnansibeliusseura.fi\/index.php?rest_route=\/wp\/v2\/pages\/74\/revisions"}],"predecessor-version":[{"id":1483,"href":"https:\/\/www.hameenlinnansibeliusseura.fi\/index.php?rest_route=\/wp\/v2\/pages\/74\/revisions\/1483"}],"wp:attachment":[{"href":"https:\/\/www.hameenlinnansibeliusseura.fi\/index.php?rest_route=%2Fwp%2Fv2%2Fmedia&parent=74"}],"curies":[{"name":"wp","href":"https:\/\/api.w.org\/{rel}","templated":true}]}}