{"id":770,"date":"2014-09-04T13:40:23","date_gmt":"2014-09-04T10:40:23","guid":{"rendered":"http:\/\/www.hameenlinnansibeliusseura.fi\/?page_id=770"},"modified":"2014-09-06T21:34:37","modified_gmt":"2014-09-06T18:34:37","slug":"hameenlinna-the-town-of-sibelius","status":"publish","type":"page","link":"https:\/\/www.hameenlinnansibeliusseura.fi\/?page_id=770","title":{"rendered":"H\u00e4meenlinna, the town of Sibelius"},"content":{"rendered":"<p>Johan Christian Julius &#8221;Jean&#8221; Sibelius is the National Composer of Finland. A great composer, well known all over the world. The national romantic music of Sibelius was in a key role forming\u00a0 the National Identity of Finland.<\/p>\n<p>Born 8th of December 1865 in H\u00e4meenlinna \u00a0&#8211; \u00a0Died 20th of September 1957 in J\u00e4rvenp\u00e4\u00e4 \u00a0 \u00a0 \u00a0 \u00a0 \u00a0 \u00a0 \u00a0 \u00a0 \u00a0 \u00a0 \u00a0 \u00a0 \u00a0 \u00a0 \u00a0 \u00a0 \u00a0 \u00a0 \u00a0 \u00a0 \u00a0 \u00a0 \u00a0 \u00a0 \u00a0 \u00a0 \u00a0 \u00a0 \u00a0 \u00a0 \u00a0 \u00a0 \u00a0 \u00a0 \u00a0 \u00a0 \u00a0 \u00a0 \u00a0 \u00a0 \u00a0<a href=\"https:\/\/i0.wp.com\/www.hameenlinnansibeliusseura.fi\/wp-content\/uploads\/2013\/10\/DSCN5886.jpg?ssl=1\"><img decoding=\"async\" loading=\"lazy\" class=\"alignright size-medium wp-image-571\" src=\"https:\/\/i0.wp.com\/www.hameenlinnansibeliusseura.fi\/wp-content\/uploads\/2013\/10\/DSCN5886.jpg?resize=233%2C300&#038;ssl=1\" alt=\"DSCN5886\" width=\"233\" height=\"300\" srcset=\"https:\/\/i0.wp.com\/www.hameenlinnansibeliusseura.fi\/wp-content\/uploads\/2013\/10\/DSCN5886.jpg?resize=233%2C300&amp;ssl=1 233w, https:\/\/i0.wp.com\/www.hameenlinnansibeliusseura.fi\/wp-content\/uploads\/2013\/10\/DSCN5886.jpg?resize=797%2C1024&amp;ssl=1 797w, https:\/\/i0.wp.com\/www.hameenlinnansibeliusseura.fi\/wp-content\/uploads\/2013\/10\/DSCN5886.jpg?resize=624%2C801&amp;ssl=1 624w, https:\/\/i0.wp.com\/www.hameenlinnansibeliusseura.fi\/wp-content\/uploads\/2013\/10\/DSCN5886.jpg?w=1160&amp;ssl=1 1160w, https:\/\/i0.wp.com\/www.hameenlinnansibeliusseura.fi\/wp-content\/uploads\/2013\/10\/DSCN5886.jpg?w=1740&amp;ssl=1 1740w\" sizes=\"(max-width: 233px) 100vw, 233px\" data-recalc-dims=\"1\" \/><\/a><\/p>\n<p>Wife Aino (1892-1969) \u00a0 and children Eva, Katarina, Margareta, Heidi, Kirsti, Ruth<\/p>\n<p>H\u00e4meenlinna is the city of the Great Finnish National Composer Jean Sibelius! Here he was born and here he went to school. Here in our hometown he spent those precious years of childhood and early adulthood. The County of H\u00e4me and the City of H\u00e4meenlinna are always present and keep on living in the music of Jean Sibelius.<\/p>\n<p>We modern day people of H\u00e4meenlinna have a lot to learn from Sibelius! Very few become a composer- perhaps a bit more become an instrumentalist &#8211; and perhaps many more become a singer. But what we all, regardless our musicality, can learn from Sibelius is boldness, creativity and enthusiasm. We can redeem these vital things in many different ways in our lives and in our everyday life. Every one of us can face the challenges of our lives with a boldness and finding the support of other fellow men. We all poses a mighty dose of creativity-\u00a0 we can brake the routine and find a completely new way of doing things! We have the permission and liberty to show enthusiasm in a childlike and in a completely un-Finnish way. We are free in enjoying the wonderful shifts of seasons of the Finnish nature, in showing interest in new people,\u00a0 going crazy of a good concert or being in awe with a new book we are reading.<\/p>\n<p>We, the people of H\u00e4meenlinna have a wonderful opportunity to be excited of Sibelius, the great <i>composer &#8211; genius <\/i>of our hometown! From the music of Sibelius we can find the inspiration to our everyday life as well as the courage to face the future.<\/p>\n<p>Visiting his old hometown in 1930, Sibelius is reported to have said\u00a0&#8211; referring to the view of the natural park of Aulanko: &#8221;These landscapes of my youth were in my mind while composing\u00a0 Finlandia&#8221;<\/p>\n<p><a href=\"https:\/\/i0.wp.com\/www.hameenlinnansibeliusseura.fi\/wp-content\/uploads\/2014\/09\/DSCN1091.jpg?ssl=1\"><img decoding=\"async\" loading=\"lazy\" class=\"aligncenter size-full wp-image-771\" src=\"https:\/\/i0.wp.com\/www.hameenlinnansibeliusseura.fi\/wp-content\/uploads\/2014\/09\/DSCN1091.jpg?resize=580%2C435&#038;ssl=1\" alt=\"DSCN1091\" width=\"580\" height=\"435\" srcset=\"https:\/\/i0.wp.com\/www.hameenlinnansibeliusseura.fi\/wp-content\/uploads\/2014\/09\/DSCN1091.jpg?w=4427&amp;ssl=1 4427w, https:\/\/i0.wp.com\/www.hameenlinnansibeliusseura.fi\/wp-content\/uploads\/2014\/09\/DSCN1091.jpg?resize=300%2C225&amp;ssl=1 300w, https:\/\/i0.wp.com\/www.hameenlinnansibeliusseura.fi\/wp-content\/uploads\/2014\/09\/DSCN1091.jpg?resize=1024%2C768&amp;ssl=1 1024w, https:\/\/i0.wp.com\/www.hameenlinnansibeliusseura.fi\/wp-content\/uploads\/2014\/09\/DSCN1091.jpg?resize=624%2C468&amp;ssl=1 624w, https:\/\/i0.wp.com\/www.hameenlinnansibeliusseura.fi\/wp-content\/uploads\/2014\/09\/DSCN1091.jpg?w=1160&amp;ssl=1 1160w, https:\/\/i0.wp.com\/www.hameenlinnansibeliusseura.fi\/wp-content\/uploads\/2014\/09\/DSCN1091.jpg?w=1740&amp;ssl=1 1740w\" sizes=\"(max-width: 580px) 100vw, 580px\" data-recalc-dims=\"1\" \/><\/a><\/p>\n","protected":false},"excerpt":{"rendered":"<p>Johan Christian Julius &#8221;Jean&#8221; Sibelius is the National Composer of Finland. A great composer, well known all over the world. The national romantic music of Sibelius was in a key role forming\u00a0 the National Identity of Finland. Born 8th of December 1865 in H\u00e4meenlinna \u00a0&#8211; \u00a0Died 20th of September 1957 in J\u00e4rvenp\u00e4\u00e4 \u00a0 \u00a0 \u00a0 [&hellip;]<\/p>\n","protected":false},"author":2,"featured_media":0,"parent":0,"menu_order":0,"comment_status":"open","ping_status":"open","template":"","meta":{"jetpack_post_was_ever_published":false,"footnotes":""},"jetpack_sharing_enabled":true,"jetpack_shortlink":"https:\/\/wp.me\/PeiXjB-cq","_links":{"self":[{"href":"https:\/\/www.hameenlinnansibeliusseura.fi\/index.php?rest_route=\/wp\/v2\/pages\/770"}],"collection":[{"href":"https:\/\/www.hameenlinnansibeliusseura.fi\/index.php?rest_route=\/wp\/v2\/pages"}],"about":[{"href":"https:\/\/www.hameenlinnansibeliusseura.fi\/index.php?rest_route=\/wp\/v2\/types\/page"}],"author":[{"embeddable":true,"href":"https:\/\/www.hameenlinnansibeliusseura.fi\/index.php?rest_route=\/wp\/v2\/users\/2"}],"replies":[{"embeddable":true,"href":"https:\/\/www.hameenlinnansibeliusseura.fi\/index.php?rest_route=%2Fwp%2Fv2%2Fcomments&post=770"}],"version-history":[{"count":15,"href":"https:\/\/www.hameenlinnansibeliusseura.fi\/index.php?rest_route=\/wp\/v2\/pages\/770\/revisions"}],"predecessor-version":[{"id":813,"href":"https:\/\/www.hameenlinnansibeliusseura.fi\/index.php?rest_route=\/wp\/v2\/pages\/770\/revisions\/813"}],"wp:attachment":[{"href":"https:\/\/www.hameenlinnansibeliusseura.fi\/index.php?rest_route=%2Fwp%2Fv2%2Fmedia&parent=770"}],"curies":[{"name":"wp","href":"https:\/\/api.w.org\/{rel}","templated":true}]}}