{"id":774,"date":"2015-03-30T19:07:26","date_gmt":"2015-03-30T16:07:26","guid":{"rendered":"http:\/\/www.hameenlinnansibeliusseura.fi\/?page_id=774"},"modified":"2015-03-30T19:11:32","modified_gmt":"2015-03-30T16:11:32","slug":"the-great-composer","status":"publish","type":"page","link":"https:\/\/www.hameenlinnansibeliusseura.fi\/?page_id=774","title":{"rendered":"The Great Composer"},"content":{"rendered":"<p>Johan Christian Julius &#8221;Jean&#8221; Sibelius is the National Composer of Finland. A great composer, well known all over the world. The national romantic music of Sibelius was in a key role forming\u00a0 the National Identity of Finland.<\/p>\n<p>Born 8th of December 1865 in H\u00e4meenlinna<br \/>\nDied 20th of September 1957 in J\u00e4rvenp\u00e4\u00e4<\/p>\n<p>Wife: Aino (1892-1969)<br \/>\nChildren: Eva, Katarina, Margareta, Heidi, Kirsti, Ruth<\/p>\n<p>&nbsp;<\/p>\n","protected":false},"excerpt":{"rendered":"<p>Johan Christian Julius &#8221;Jean&#8221; Sibelius is the National Composer of Finland. A great composer, well known all over the world. The national romantic music of Sibelius was in a key role forming\u00a0 the National Identity of Finland. Born 8th of December 1865 in H\u00e4meenlinna Died 20th of September 1957 in J\u00e4rvenp\u00e4\u00e4 Wife: Aino (1892-1969) Children: [&hellip;]<\/p>\n","protected":false},"author":2,"featured_media":0,"parent":0,"menu_order":0,"comment_status":"open","ping_status":"open","template":"","meta":{"jetpack_post_was_ever_published":false,"footnotes":""},"jetpack_sharing_enabled":true,"jetpack_shortlink":"https:\/\/wp.me\/PeiXjB-cu","_links":{"self":[{"href":"https:\/\/www.hameenlinnansibeliusseura.fi\/index.php?rest_route=\/wp\/v2\/pages\/774"}],"collection":[{"href":"https:\/\/www.hameenlinnansibeliusseura.fi\/index.php?rest_route=\/wp\/v2\/pages"}],"about":[{"href":"https:\/\/www.hameenlinnansibeliusseura.fi\/index.php?rest_route=\/wp\/v2\/types\/page"}],"author":[{"embeddable":true,"href":"https:\/\/www.hameenlinnansibeliusseura.fi\/index.php?rest_route=\/wp\/v2\/users\/2"}],"replies":[{"embeddable":true,"href":"https:\/\/www.hameenlinnansibeliusseura.fi\/index.php?rest_route=%2Fwp%2Fv2%2Fcomments&post=774"}],"version-history":[{"count":4,"href":"https:\/\/www.hameenlinnansibeliusseura.fi\/index.php?rest_route=\/wp\/v2\/pages\/774\/revisions"}],"predecessor-version":[{"id":955,"href":"https:\/\/www.hameenlinnansibeliusseura.fi\/index.php?rest_route=\/wp\/v2\/pages\/774\/revisions\/955"}],"wp:attachment":[{"href":"https:\/\/www.hameenlinnansibeliusseura.fi\/index.php?rest_route=%2Fwp%2Fv2%2Fmedia&parent=774"}],"curies":[{"name":"wp","href":"https:\/\/api.w.org\/{rel}","templated":true}]}}