{"id":81,"date":"2013-10-03T09:23:38","date_gmt":"2013-10-03T09:23:38","guid":{"rendered":"http:\/\/feev9x3k.c4-suncomet.com\/?page_id=81"},"modified":"2020-09-16T16:04:52","modified_gmt":"2020-09-16T13:04:52","slug":"linkit","status":"publish","type":"page","link":"https:\/\/www.hameenlinnansibeliusseura.fi\/?page_id=81","title":{"rendered":"Linkkej\u00e4"},"content":{"rendered":"<p><strong>H\u00e4meenlinnalaisia linkkej\u00e4<\/strong><\/p>\n<ul>\n<li><a href=\"http:\/\/www.sib.fi\" target=\"_blank\">Sibelius Celebrations<\/a><\/li>\n<li><a href=\"http:\/\/www.hameenlinna.fi\/Kulttuuri\/Museot\/Historiallinen-museo\/Museot\/Sibeliuksen-syntymakoti\/\" target=\"_blank\">Sibeliuksen syntym\u00e4koti<\/a><\/li>\n<li><a href=\"http:\/\/www.sibeliusopisto.fi\" target=\"_blank\">Sibelius-opisto<\/a><\/li>\n<li><a href=\"http:\/\/www.verkatehdas.fi\/portal\/fi\/\" target=\"_blank\">Verkatehdas<\/a><\/li>\n<li><a href=\"http:\/\/www.hameenlinna.fi\">H\u00e4meenlinnan kaupunki<\/a><\/li>\n<\/ul>\n<p><strong>Sibelius-seuroja muualla<\/strong><\/p>\n<figure id=\"attachment_468\" aria-describedby=\"caption-attachment-468\" style=\"width: 300px\" class=\"wp-caption alignright\"><a href=\"https:\/\/i0.wp.com\/www.hameenlinnansibeliusseura.fi\/wp-content\/uploads\/2013\/10\/Maailman-Sibelius-seurat-kohtaavat.-Ms.-Juri-Nitta-The-Sibelius-Society-of-Japan-sek\u00e4-Erkki-Korhonen-ja-Mervi-Friman-H\u00e4meenlinnan-Sibelius-seura.-2.jpg?ssl=1\"><img decoding=\"async\" loading=\"lazy\" class=\"size-medium wp-image-468\" src=\"https:\/\/i0.wp.com\/www.hameenlinnansibeliusseura.fi\/wp-content\/uploads\/2013\/10\/Maailman-Sibelius-seurat-kohtaavat.-Ms.-Juri-Nitta-The-Sibelius-Society-of-Japan-sek\u00e4-Erkki-Korhonen-ja-Mervi-Friman-H\u00e4meenlinnan-Sibelius-seura.-2.jpg?resize=300%2C225&#038;ssl=1\" alt=\"Maailman Sibelius-seurat kohtaavat. Ms. Juri Nitta, The Sibelius Society of Japan sek\u00e4 Erkki Korhonen ja Mervi Friman, H\u00e4meenlinnan Sibelius-seura. \" width=\"300\" height=\"225\" srcset=\"https:\/\/i0.wp.com\/www.hameenlinnansibeliusseura.fi\/wp-content\/uploads\/2013\/10\/Maailman-Sibelius-seurat-kohtaavat.-Ms.-Juri-Nitta-The-Sibelius-Society-of-Japan-sek\u00e4-Erkki-Korhonen-ja-Mervi-Friman-H\u00e4meenlinnan-Sibelius-seura.-2.jpg?resize=300%2C225&amp;ssl=1 300w, https:\/\/i0.wp.com\/www.hameenlinnansibeliusseura.fi\/wp-content\/uploads\/2013\/10\/Maailman-Sibelius-seurat-kohtaavat.-Ms.-Juri-Nitta-The-Sibelius-Society-of-Japan-sek\u00e4-Erkki-Korhonen-ja-Mervi-Friman-H\u00e4meenlinnan-Sibelius-seura.-2.jpg?resize=1024%2C768&amp;ssl=1 1024w, https:\/\/i0.wp.com\/www.hameenlinnansibeliusseura.fi\/wp-content\/uploads\/2013\/10\/Maailman-Sibelius-seurat-kohtaavat.-Ms.-Juri-Nitta-The-Sibelius-Society-of-Japan-sek\u00e4-Erkki-Korhonen-ja-Mervi-Friman-H\u00e4meenlinnan-Sibelius-seura.-2.jpg?resize=624%2C468&amp;ssl=1 624w, https:\/\/i0.wp.com\/www.hameenlinnansibeliusseura.fi\/wp-content\/uploads\/2013\/10\/Maailman-Sibelius-seurat-kohtaavat.-Ms.-Juri-Nitta-The-Sibelius-Society-of-Japan-sek\u00e4-Erkki-Korhonen-ja-Mervi-Friman-H\u00e4meenlinnan-Sibelius-seura.-2.jpg?w=1160&amp;ssl=1 1160w, https:\/\/i0.wp.com\/www.hameenlinnansibeliusseura.fi\/wp-content\/uploads\/2013\/10\/Maailman-Sibelius-seurat-kohtaavat.-Ms.-Juri-Nitta-The-Sibelius-Society-of-Japan-sek\u00e4-Erkki-Korhonen-ja-Mervi-Friman-H\u00e4meenlinnan-Sibelius-seura.-2.jpg?w=1740&amp;ssl=1 1740w\" sizes=\"(max-width: 300px) 100vw, 300px\" data-recalc-dims=\"1\" \/><\/a><figcaption id=\"caption-attachment-468\" class=\"wp-caption-text\">Maailman Sibelius-seurat kohtaavat. Ms. Juri Nitta, The Sibelius Society of Japan sek\u00e4 Erkki Korhonen ja Mervi Friman, H\u00e4meenlinnan Sibelius-seura.<\/figcaption><\/figure>\n<ul>\n<li><a href=\"http:\/\/www2.siba.fi\/sibelius-seura\/index.html\" target=\"_blank\">Sibelius-Seura<\/a><\/li>\n<li><a href=\"http:\/\/www.tuusulanjarvifestival.fi\/info\" target=\"_blank\">J\u00e4rvenp\u00e4\u00e4n Sibelius-seura ry<\/a><\/li>\n<li><a href=\"http:\/\/www.sibelius-gesellschaft.de\/gesellschaft.htm\" target=\"_blank\">Saksan Sibelius-seura<\/a><\/li>\n<li><a href=\"http:\/\/www.sibeliussociety.info\" target=\"_blank\">Iso-Britannian Sibelius-seura<\/a><\/li>\n<li><a href=\"http:\/\/sib-jp.org\" target=\"_blank\">Japanin Sibelius-seura<\/a><\/li>\n<\/ul>\n<p><strong>Muita kiinnostavia linkkej\u00e4<\/strong><\/p>\n<ul>\n<li><a href=\"http:\/\/www.kansalliskirjasto.fi\/kulttuuritoiminta\/sibelius\/about.html\">Jean Sibelius Works<\/a><\/li>\n<li><a href=\"http:\/\/www.yle.fi\/elavaarkisto\/haku\/#\/toimituksen%20koostama\/Kansalliss\u00e4velt\u00e4j\u00e4%20Jean%20Sibelius\">Ylen El\u00e4v\u00e4 arkisto<\/a><\/li>\n<li><a href=\"http:\/\/www.kansallisbiografia.fi\/kb\/artikkeli\/3630\/\">Biografiakeskuksen artikkeli Sibeliuksesta<\/a><\/li>\n<li><a href=\"http:\/\/www.sibelius150.fi\/en\/\">Sibelius 150-juhlasivut<\/a><\/li>\n<li><a href=\"http:\/\/www.ainola.fi\" target=\"_blank\">Ainola<\/a><\/li>\n<li><a href=\"http:\/\/www.sibeliusmuseum.abo.fi\/index_fin.php\" target=\"_blank\">Sibelius-museo<\/a><\/li>\n<li><a href=\"http:\/\/www.sibeliustalo.fi\" target=\"_blank\">Lahden Sibeliustalo<\/a><\/li>\n<li><a href=\"http:\/\/www.siba.fi\" target=\"_blank\">Sibelius-Akatemia<\/a><\/li>\n<li><a href=\"http:\/\/www.hel.fi\/hki\/sibel\/fi\/Etusivu\" target=\"_blank\">Sibelius-lukio<\/a><\/li>\n<li><a href=\"http:\/\/www.sibelius150.fi\/united-kingdom-sibelius-society\/?lang=en\">United Kingdom Society Newsletter<\/a><\/li>\n<\/ul>\n","protected":false},"excerpt":{"rendered":"<p>H\u00e4meenlinnalaisia linkkej\u00e4 Sibelius Celebrations Sibeliuksen syntym\u00e4koti Sibelius-opisto Verkatehdas H\u00e4meenlinnan kaupunki Sibelius-seuroja muualla Sibelius-Seura J\u00e4rvenp\u00e4\u00e4n Sibelius-seura ry Saksan Sibelius-seura Iso-Britannian Sibelius-seura Japanin Sibelius-seura Muita kiinnostavia linkkej\u00e4 Jean Sibelius Works Ylen El\u00e4v\u00e4 arkisto Biografiakeskuksen artikkeli Sibeliuksesta Sibelius 150-juhlasivut Ainola Sibelius-museo Lahden Sibeliustalo Sibelius-Akatemia Sibelius-lukio United Kingdom Society Newsletter<\/p>\n","protected":false},"author":2,"featured_media":0,"parent":225,"menu_order":0,"comment_status":"closed","ping_status":"closed","template":"","meta":{"jetpack_post_was_ever_published":false,"footnotes":""},"jetpack_sharing_enabled":true,"jetpack_shortlink":"https:\/\/wp.me\/PeiXjB-1j","_links":{"self":[{"href":"https:\/\/www.hameenlinnansibeliusseura.fi\/index.php?rest_route=\/wp\/v2\/pages\/81"}],"collection":[{"href":"https:\/\/www.hameenlinnansibeliusseura.fi\/index.php?rest_route=\/wp\/v2\/pages"}],"about":[{"href":"https:\/\/www.hameenlinnansibeliusseura.fi\/index.php?rest_route=\/wp\/v2\/types\/page"}],"author":[{"embeddable":true,"href":"https:\/\/www.hameenlinnansibeliusseura.fi\/index.php?rest_route=\/wp\/v2\/users\/2"}],"replies":[{"embeddable":true,"href":"https:\/\/www.hameenlinnansibeliusseura.fi\/index.php?rest_route=%2Fwp%2Fv2%2Fcomments&post=81"}],"version-history":[{"count":14,"href":"https:\/\/www.hameenlinnansibeliusseura.fi\/index.php?rest_route=\/wp\/v2\/pages\/81\/revisions"}],"predecessor-version":[{"id":1162,"href":"https:\/\/www.hameenlinnansibeliusseura.fi\/index.php?rest_route=\/wp\/v2\/pages\/81\/revisions\/1162"}],"up":[{"embeddable":true,"href":"https:\/\/www.hameenlinnansibeliusseura.fi\/index.php?rest_route=\/wp\/v2\/pages\/225"}],"wp:attachment":[{"href":"https:\/\/www.hameenlinnansibeliusseura.fi\/index.php?rest_route=%2Fwp%2Fv2%2Fmedia&parent=81"}],"curies":[{"name":"wp","href":"https:\/\/api.w.org\/{rel}","templated":true}]}}